{"id":2244,"date":"2025-04-17T17:31:08","date_gmt":"2025-04-17T15:31:08","guid":{"rendered":"https:\/\/senteales.com\/?page_id=2244"},"modified":"2025-04-18T12:28:39","modified_gmt":"2025-04-18T10:28:39","slug":"devenez-partenaire","status":"publish","type":"page","link":"https:\/\/senteales.com\/fr\/devenez-partenaire\/","title":{"rendered":"Devenez partenaire"},"content":{"rendered":"\n\t<section class=\"section\" id=\"section_1906662657\">\n\t\t<div class=\"bg section-bg fill bg-fill  bg-loaded\" >\n\n\t\t\t\n\t\t\t\n\t\t\t\n\n\t\t<\/div>\n\n\t\t\n\n\t\t<div class=\"section-content relative\">\n\t\t\t\n\n<div class=\"container section-title-container\" ><h3 class=\"section-title section-title-center\"><b><\/b><span class=\"section-title-main\" >Devenez partenaire<\/span><b><\/b><\/h3><\/div>\n\n\t<div id=\"stack-633300448\" class=\"stack stack-row justify-start items-stretch\">\n\t\t\n\n\t<div id=\"text-3085500911\" class=\"text\">\n\t\t\n\n<ul>\n<li>Proposez \u00e0 votre client\u00e8le une cosm\u00e9tique innovante, formul\u00e9e selon les principes de l&rsquo;aromath\u00e9rapie, alliant naturalit\u00e9, efficacit\u00e9 et sensorialit\u00e9.<\/li>\n<li>Contribuez \u00e0 faire d\u00e9couvrir une gamme courte et inspir\u00e9e, dont l&rsquo;utilisation r\u00e9pond aux pr\u00e9occupations de tous les types de peau.<\/li>\n<li>Travaillez en confiance avec une marque d\u00e9sirable, reconnue pour ces engagements.<\/li>\n<li>Sent\u00e9ales vous accompagne \u00e0 chaque \u00e9tape de votre d\u00e9veloppement commercial.<\/li>\n<\/ul>\n<p>Faisons connaissance :<\/p>\n\n\t\t\n<style>\n#text-3085500911 {\n  text-align: left;\n}\n<\/style>\n\t<\/div>\n\t\n\n\t\t\n<style>\n#stack-633300448 > * {\n  --stack-gap: 0rem;\n}\n<\/style>\n\t<\/div>\n\t\n\n<div class=\"wpcf7 no-js\" id=\"wpcf7-f2248-o1\" lang=\"fr-FR\" dir=\"ltr\">\n<div class=\"screen-reader-response\"><p role=\"status\" aria-live=\"polite\" aria-atomic=\"true\"><\/p> <ul><\/ul><\/div>\n<form action=\"\/fr\/wp-json\/wp\/v2\/pages\/2244#wpcf7-f2248-o1\" method=\"post\" class=\"wpcf7-form init\" aria-label=\"Formulaire de contact\" novalidate=\"novalidate\" data-status=\"init\">\n<div style=\"display: none;\">\n<input type=\"hidden\" name=\"_wpcf7\" value=\"2248\" \/>\n<input type=\"hidden\" name=\"_wpcf7_version\" value=\"5.7.3\" \/>\n<input type=\"hidden\" name=\"_wpcf7_locale\" value=\"fr_FR\" \/>\n<input type=\"hidden\" name=\"_wpcf7_unit_tag\" value=\"wpcf7-f2248-o1\" \/>\n<input type=\"hidden\" name=\"_wpcf7_container_post\" value=\"0\" \/>\n<input type=\"hidden\" name=\"_wpcf7_posted_data_hash\" value=\"\" \/>\n<\/div>\n<div>\n\t<p><label> Soci\u00e9t\u00e9*<br \/>\n<span class=\"wpcf7-form-control-wrap\" data-name=\"your-company\"><input size=\"40\" class=\"wpcf7-form-control wpcf7-text wpcf7-validates-as-required\" aria-required=\"true\" aria-invalid=\"false\" value=\"\" type=\"text\" name=\"your-company\" \/><\/span> <\/label>\n\t<\/p>\n<\/div>\n<div class=\"partenaire-flex\">\n\t<p><label> Nom*<br \/>\n<span class=\"wpcf7-form-control-wrap\" data-name=\"your-name\"><input size=\"40\" class=\"wpcf7-form-control wpcf7-text wpcf7-validates-as-required\" aria-required=\"true\" aria-invalid=\"false\" value=\"\" type=\"text\" name=\"your-name\" \/><\/span> <\/label>\n\t<\/p>\n\t<p><label> Pr\u00e9nom*<br \/>\n<span class=\"wpcf7-form-control-wrap\" data-name=\"your-surname\"><input size=\"40\" class=\"wpcf7-form-control wpcf7-text wpcf7-validates-as-required\" aria-required=\"true\" aria-invalid=\"false\" value=\"\" type=\"text\" name=\"your-surname\" \/><\/span> <\/label>\n\t<\/p>\n<\/div>\n<p><label> Adresse*<br \/>\n<span class=\"wpcf7-form-control-wrap\" data-name=\"adress\"><input size=\"40\" class=\"wpcf7-form-control wpcf7-text wpcf7-validates-as-required\" aria-required=\"true\" aria-invalid=\"false\" value=\"\" type=\"text\" name=\"adress\" \/><\/span> <\/label>\n<\/p>\n<div class=\"partenaire-flex\">\n\t<p><label> Ville*<br \/>\n<span class=\"wpcf7-form-control-wrap\" data-name=\"city\"><input size=\"40\" class=\"wpcf7-form-control wpcf7-text wpcf7-validates-as-required\" aria-required=\"true\" aria-invalid=\"false\" value=\"\" type=\"text\" name=\"city\" \/><\/span> <\/label>\n\t<\/p>\n\t<p><label> Code postal*<br \/>\n<span class=\"wpcf7-form-control-wrap\" data-name=\"postal-code\"><input class=\"wpcf7-form-control wpcf7-number wpcf7-validates-as-required wpcf7-validates-as-number\" aria-required=\"true\" aria-invalid=\"false\" value=\"\" type=\"number\" name=\"postal-code\" \/><\/span> <\/label>\n\t<\/p>\n<\/div>\n<div class=\"partenaire-flex\">\n\t<p><label> T\u00e9l\u00e9phone*<br \/>\n<span class=\"wpcf7-form-control-wrap\" data-name=\"your-phone\"><input size=\"40\" class=\"wpcf7-form-control wpcf7-text wpcf7-tel wpcf7-validates-as-required wpcf7-validates-as-tel\" aria-required=\"true\" aria-invalid=\"false\" value=\"\" type=\"tel\" name=\"your-phone\" \/><\/span> <\/label>\n\t<\/p>\n\t<p><label> Email*<br \/>\n<span class=\"wpcf7-form-control-wrap\" data-name=\"your-email\"><input size=\"40\" class=\"wpcf7-form-control wpcf7-text wpcf7-email wpcf7-validates-as-required wpcf7-validates-as-email\" aria-required=\"true\" aria-invalid=\"false\" value=\"\" type=\"email\" name=\"your-email\" \/><\/span> <\/label>\n\t<\/p>\n<\/div>\n<p><label>Message <\/label><br \/>\n<span class=\"wpcf7-form-control-wrap\" data-name=\"your-message\"><textarea cols=\"40\" rows=\"10\" class=\"wpcf7-form-control wpcf7-textarea\" aria-invalid=\"false\" name=\"your-message\"><\/textarea><\/span>\n<\/p>\n<p><input class=\"wpcf7-form-control has-spinner wpcf7-submit\" type=\"submit\" value=\"Envoyer\" \/>\n<\/p><div class=\"wpcf7-response-output\" aria-hidden=\"true\"><\/div>\n<\/form>\n<\/div>\n\n\n\n\t\t<\/div>\n\n\t\t\n<style>\n#section_1906662657 {\n  padding-top: 30px;\n  padding-bottom: 30px;\n}\n#section_1906662657 .ux-shape-divider--top svg {\n  height: 150px;\n  --divider-top-width: 100%;\n}\n#section_1906662657 .ux-shape-divider--bottom svg {\n  height: 150px;\n  --divider-width: 100%;\n}\n<\/style>\n\t<\/section>\n\t\n\n","protected":false},"excerpt":{"rendered":"","protected":false},"author":5,"featured_media":0,"parent":0,"menu_order":0,"comment_status":"closed","ping_status":"closed","template":"","meta":{"_themeisle_gutenberg_block_has_review":false},"yoast_head":"<!-- This site is optimized with the Yoast SEO plugin v20.1 - https:\/\/yoast.com\/wordpress\/plugins\/seo\/ -->\n<title>Devenez partenaire - Senteales<\/title>\n<meta name=\"robots\" content=\"index, follow, max-snippet:-1, max-image-preview:large, max-video-preview:-1\" \/>\n<link rel=\"canonical\" href=\"https:\/\/senteales.com\/fr\/devenez-partenaire\/\" \/>\n<meta property=\"og:locale\" content=\"fr_FR\" \/>\n<meta property=\"og:type\" content=\"article\" \/>\n<meta property=\"og:title\" content=\"Devenez partenaire - Senteales\" \/>\n<meta property=\"og:url\" content=\"https:\/\/senteales.com\/fr\/devenez-partenaire\/\" \/>\n<meta property=\"og:site_name\" content=\"Senteales\" \/>\n<meta property=\"article:publisher\" content=\"https:\/\/www.facebook.com\/Senteales\/\" \/>\n<meta property=\"article:modified_time\" content=\"2025-04-18T10:28:39+00:00\" \/>\n<meta name=\"twitter:card\" content=\"summary_large_image\" \/>\n<script type=\"application\/ld+json\" class=\"yoast-schema-graph\">{\"@context\":\"https:\/\/schema.org\",\"@graph\":[{\"@type\":\"WebPage\",\"@id\":\"https:\/\/senteales.com\/fr\/devenez-partenaire\/\",\"url\":\"https:\/\/senteales.com\/fr\/devenez-partenaire\/\",\"name\":\"Devenez partenaire - Senteales\",\"isPartOf\":{\"@id\":\"https:\/\/senteales.com\/fr\/#website\"},\"datePublished\":\"2025-04-17T15:31:08+00:00\",\"dateModified\":\"2025-04-18T10:28:39+00:00\",\"breadcrumb\":{\"@id\":\"https:\/\/senteales.com\/fr\/devenez-partenaire\/#breadcrumb\"},\"inLanguage\":\"fr-FR\",\"potentialAction\":[{\"@type\":\"ReadAction\",\"target\":[\"https:\/\/senteales.com\/fr\/devenez-partenaire\/\"]}]},{\"@type\":\"BreadcrumbList\",\"@id\":\"https:\/\/senteales.com\/fr\/devenez-partenaire\/#breadcrumb\",\"itemListElement\":[{\"@type\":\"ListItem\",\"position\":1,\"name\":\"Home\",\"item\":\"https:\/\/senteales.com\/fr\/\"},{\"@type\":\"ListItem\",\"position\":2,\"name\":\"Devenez partenaire\"}]},{\"@type\":\"WebSite\",\"@id\":\"https:\/\/senteales.com\/fr\/#website\",\"url\":\"https:\/\/senteales.com\/fr\/\",\"name\":\"Senteales\",\"description\":\"Et la beaut\u00e9 prend corps\",\"publisher\":{\"@id\":\"https:\/\/senteales.com\/fr\/#organization\"},\"potentialAction\":[{\"@type\":\"SearchAction\",\"target\":{\"@type\":\"EntryPoint\",\"urlTemplate\":\"https:\/\/senteales.com\/fr\/?s={search_term_string}\"},\"query-input\":\"required name=search_term_string\"}],\"inLanguage\":\"fr-FR\"},{\"@type\":\"Organization\",\"@id\":\"https:\/\/senteales.com\/fr\/#organization\",\"name\":\"Senteales Paris\",\"url\":\"https:\/\/senteales.com\/fr\/\",\"logo\":{\"@type\":\"ImageObject\",\"inLanguage\":\"fr-FR\",\"@id\":\"https:\/\/senteales.com\/fr\/#\/schema\/logo\/image\/\",\"url\":\"https:\/\/senteales.com\/wp-content\/uploads\/2022\/01\/logo-senteales.png\",\"contentUrl\":\"https:\/\/senteales.com\/wp-content\/uploads\/2022\/01\/logo-senteales.png\",\"width\":368,\"height\":203,\"caption\":\"Senteales Paris\"},\"image\":{\"@id\":\"https:\/\/senteales.com\/fr\/#\/schema\/logo\/image\/\"},\"sameAs\":[\"https:\/\/www.facebook.com\/Senteales\/\",\"https:\/\/www.instagram.com\/senteales\/\",\"https:\/\/www.pinterest.fr\/senteales\/_created\/\"]}]}<\/script>\n<!-- \/ Yoast SEO plugin. -->","yoast_head_json":{"title":"Devenez partenaire - Senteales","robots":{"index":"index","follow":"follow","max-snippet":"max-snippet:-1","max-image-preview":"max-image-preview:large","max-video-preview":"max-video-preview:-1"},"canonical":"https:\/\/senteales.com\/fr\/devenez-partenaire\/","og_locale":"fr_FR","og_type":"article","og_title":"Devenez partenaire - Senteales","og_url":"https:\/\/senteales.com\/fr\/devenez-partenaire\/","og_site_name":"Senteales","article_publisher":"https:\/\/www.facebook.com\/Senteales\/","article_modified_time":"2025-04-18T10:28:39+00:00","twitter_card":"summary_large_image","schema":{"@context":"https:\/\/schema.org","@graph":[{"@type":"WebPage","@id":"https:\/\/senteales.com\/fr\/devenez-partenaire\/","url":"https:\/\/senteales.com\/fr\/devenez-partenaire\/","name":"Devenez partenaire - Senteales","isPartOf":{"@id":"https:\/\/senteales.com\/fr\/#website"},"datePublished":"2025-04-17T15:31:08+00:00","dateModified":"2025-04-18T10:28:39+00:00","breadcrumb":{"@id":"https:\/\/senteales.com\/fr\/devenez-partenaire\/#breadcrumb"},"inLanguage":"fr-FR","potentialAction":[{"@type":"ReadAction","target":["https:\/\/senteales.com\/fr\/devenez-partenaire\/"]}]},{"@type":"BreadcrumbList","@id":"https:\/\/senteales.com\/fr\/devenez-partenaire\/#breadcrumb","itemListElement":[{"@type":"ListItem","position":1,"name":"Home","item":"https:\/\/senteales.com\/fr\/"},{"@type":"ListItem","position":2,"name":"Devenez partenaire"}]},{"@type":"WebSite","@id":"https:\/\/senteales.com\/fr\/#website","url":"https:\/\/senteales.com\/fr\/","name":"Senteales","description":"Et la beaut\u00e9 prend corps","publisher":{"@id":"https:\/\/senteales.com\/fr\/#organization"},"potentialAction":[{"@type":"SearchAction","target":{"@type":"EntryPoint","urlTemplate":"https:\/\/senteales.com\/fr\/?s={search_term_string}"},"query-input":"required name=search_term_string"}],"inLanguage":"fr-FR"},{"@type":"Organization","@id":"https:\/\/senteales.com\/fr\/#organization","name":"Senteales Paris","url":"https:\/\/senteales.com\/fr\/","logo":{"@type":"ImageObject","inLanguage":"fr-FR","@id":"https:\/\/senteales.com\/fr\/#\/schema\/logo\/image\/","url":"https:\/\/senteales.com\/wp-content\/uploads\/2022\/01\/logo-senteales.png","contentUrl":"https:\/\/senteales.com\/wp-content\/uploads\/2022\/01\/logo-senteales.png","width":368,"height":203,"caption":"Senteales Paris"},"image":{"@id":"https:\/\/senteales.com\/fr\/#\/schema\/logo\/image\/"},"sameAs":["https:\/\/www.facebook.com\/Senteales\/","https:\/\/www.instagram.com\/senteales\/","https:\/\/www.pinterest.fr\/senteales\/_created\/"]}]}},"_links":{"self":[{"href":"https:\/\/senteales.com\/fr\/wp-json\/wp\/v2\/pages\/2244"}],"collection":[{"href":"https:\/\/senteales.com\/fr\/wp-json\/wp\/v2\/pages"}],"about":[{"href":"https:\/\/senteales.com\/fr\/wp-json\/wp\/v2\/types\/page"}],"author":[{"embeddable":true,"href":"https:\/\/senteales.com\/fr\/wp-json\/wp\/v2\/users\/5"}],"replies":[{"embeddable":true,"href":"https:\/\/senteales.com\/fr\/wp-json\/wp\/v2\/comments?post=2244"}],"version-history":[{"count":6,"href":"https:\/\/senteales.com\/fr\/wp-json\/wp\/v2\/pages\/2244\/revisions"}],"predecessor-version":[{"id":2253,"href":"https:\/\/senteales.com\/fr\/wp-json\/wp\/v2\/pages\/2244\/revisions\/2253"}],"wp:attachment":[{"href":"https:\/\/senteales.com\/fr\/wp-json\/wp\/v2\/media?parent=2244"}],"curies":[{"name":"wp","href":"https:\/\/api.w.org\/{rel}","templated":true}]}}